{"id":146,"date":"2019-01-13T20:18:34","date_gmt":"2019-01-13T20:18:34","guid":{"rendered":"http:\/\/staceyblatt.lorke.de\/?page_id=146"},"modified":"2024-06-18T18:47:30","modified_gmt":"2024-06-18T18:47:30","slug":"vita","status":"publish","type":"page","link":"http:\/\/staceyblatt.lorke.de\/?page_id=146","title":{"rendered":"Vita"},"content":{"rendered":"\n<p><strong>Stacey Blatt<\/strong><br>Born 1958, Los Angeles, California<br>1979 Bachelor of Arts, Bard College, New York<br>Lives and works in Duisburg, Germany<\/p>\n\n\n\n<p><strong>Selected Exhibitions<\/strong><\/p>\n\n\n\n<p> 2005 . . . . IG-Duisburger K\u00fcnstler, Museum K\u00fcppersm\u00fchle<br> 2007 . . . . IG-Duisburger K\u00fcnstler, Cubus Kunsthalle<br> \n2008 . . . . Public Home III, Duisburg<br> \n2009 . . . . \u201eStichprobe\u201c, Kunsthaus Weidenweg, Duisburg <br> \n2009 . . . . \u201eDuisburg An Der Wand\u201c, Cubus Kunsthalle<br> \n2009 . . . . IG-Duisburger K\u00fcnstler, Wilhelm Lehmbruck Museum<br> \n2010 . . . . \u201eWasser, Hafen, Ruhrort\u201c, Duisburger Akzente <br> \n2011 . . . . \u201eDem Gehirn auf der Spur\u201c, Fabry Museum Hilden<br> \n2012. . . . \u201eGerhard Was Here\u201c, Duisburger Akzente<br> 2012 . . . . \u201e1. Kunstraum Gr\u00fcn\u201c, Duisburg<br> \n2012 . . . . \u201eBegegnung Vor Ort\u201c, Duisburg<br> \n2012 . . . . \u201eMixed Pickles\u201c , Goldstr. Kunst und Atelierhaus<br> \n2012 . . . . \u201eStoffwechsel\u201c, Galerie Rheinhausen<br> \n2013 . . . . \u201e2. Kunstraum Gr\u00fcn\u201c, Duisburg<br> \n2013 . . . . \u201eTopia II\u201c, Moers<br> \n2014 . . . . \u201eKlebewesen\u201c, Duisburg Akzente <br> \n2014 . . . . Public Home 9, Duisburg<br> \n2014 . . . . \u201eSchmu\u201c, Galerie Plan D, D\u00fcsseldorf<br> \n2015 . . . . \u201eTerra Incognita\u201c, Duisburg Akzente<br> \n2017 . . . . \u201eDie Grosse\u201c, Kunstpalast, D\u00fcsseldorf<br> \n2017 . . . . \u201eSeparat\u201c, Cubus Kunsthalle<br> \n2018 . . . . \u201eQuerschnitt\u201c, Galerie Rheinhausen<br> \n2018 . . . . \u201eKunstblatt\u201c, SG1, Duisburg<br> \n2018 . . . . Lisaluna Kurzfilmfestival, Duisburg<br> \n2019 . . . . &nbsp;\u201eRiff\u201c, Landschaftsparknord<br> \n2019 . . . . \u201eDie Grosse Kunstausstellung\u201c, D\u00fcsseldorf<br> \n2019&nbsp; . . . . \u201eA40\u201c, Keller unter St. Joseph, Duisburg<br> \n2020&nbsp; . . . . \u201eBlue\u201c, Schmale Gasse, Duisburg<br> \n2021&nbsp; . . . . \u201eDrau\u00dfen. Kunst. Duisburg.\u201c Drau\u00dfen, Duisburg<br> \n2021&nbsp; . . . . IG-Duisburger K\u00fcnstler, Wilhelm Lehmbruck Museum<br> \n2022&nbsp; . . . . \u201eEs lebe die Freiheit\u201c, Ruhr Gallery, M\u00fclheim a. d. Ruhr<br> \n2022&nbsp; . . . . \u201eOink\u201c, Gedok, Stuttgart<br>\n2022&nbsp; . . . . Lisaluna Kurzfilmfestival, Duisburg<br>\n2023&nbsp; . . . . \u201eNadelarbeit\u201c, Goldstr. Kunst und Atelierhaus<br>\n2023&nbsp; . . . . \u201eAnlieger\u201c Peschkenhaus, Moers<br>\n2023&nbsp; . . . . Lisaluna Kurzfimfestival, Duisburg<br>\n2024&nbsp; . . . . \u201e10 + X\u201c, Galerie Rheinhausen<br>\n2024&nbsp; . . . . \u201eDie Grosse Kunstausstellung\u201c, D\u00fcsseldorf<br>\n2024&nbsp; . . . . Residenz, Maxhaus, Nordhalben<br>\n<\/p>\n\n\n\n<p><\/p>\n","protected":false},"excerpt":{"rendered":"<p>Stacey BlattBorn 1958, Los Angeles, California1979 Bachelor of Arts, Bard College, New YorkLives and works in Duisburg, Germany Selected Exhibitions 2005 . . . . IG-Duisburger K\u00fcnstler, Museum K\u00fcppersm\u00fchle 2007 . . . . IG-Duisburger K\u00fcnstler, Cubus Kunsthalle 2008 . . . . Public Home III, Duisburg 2009 . . . . \u201eStichprobe\u201c, Kunsthaus Weidenweg, &hellip; <\/p>\n<p class=\"link-more\"><a href=\"http:\/\/staceyblatt.lorke.de\/?page_id=146\" class=\"more-link\"><span class=\"screen-reader-text\">\u201eVita\u201c<\/span> weiterlesen<\/a><\/p>\n","protected":false},"author":1,"featured_media":0,"parent":0,"menu_order":0,"comment_status":"closed","ping_status":"closed","template":"","meta":{"_vp_format_video_url":"","_vp_image_focal_point":[]},"_links":{"self":[{"href":"http:\/\/staceyblatt.lorke.de\/index.php?rest_route=\/wp\/v2\/pages\/146"}],"collection":[{"href":"http:\/\/staceyblatt.lorke.de\/index.php?rest_route=\/wp\/v2\/pages"}],"about":[{"href":"http:\/\/staceyblatt.lorke.de\/index.php?rest_route=\/wp\/v2\/types\/page"}],"author":[{"embeddable":true,"href":"http:\/\/staceyblatt.lorke.de\/index.php?rest_route=\/wp\/v2\/users\/1"}],"replies":[{"embeddable":true,"href":"http:\/\/staceyblatt.lorke.de\/index.php?rest_route=%2Fwp%2Fv2%2Fcomments&post=146"}],"version-history":[{"count":17,"href":"http:\/\/staceyblatt.lorke.de\/index.php?rest_route=\/wp\/v2\/pages\/146\/revisions"}],"predecessor-version":[{"id":251,"href":"http:\/\/staceyblatt.lorke.de\/index.php?rest_route=\/wp\/v2\/pages\/146\/revisions\/251"}],"wp:attachment":[{"href":"http:\/\/staceyblatt.lorke.de\/index.php?rest_route=%2Fwp%2Fv2%2Fmedia&parent=146"}],"curies":[{"name":"wp","href":"https:\/\/api.w.org\/{rel}","templated":true}]}}